{"id":1338,"date":"2025-04-21T21:46:07","date_gmt":"2025-04-21T20:46:07","guid":{"rendered":"https:\/\/www.labrador-transparency.com\/about-us\/our-story\/"},"modified":"2025-09-24T13:00:04","modified_gmt":"2025-09-24T12:00:04","slug":"notre-histoire","status":"publish","type":"page","link":"https:\/\/www.labrador-transparency.com\/fr\/qui-sommes-nous\/notre-histoire\/","title":{"rendered":"Notre histoire"},"content":{"rendered":"\t\t<div data-elementor-type=\"wp-page\" data-elementor-id=\"1338\" class=\"elementor elementor-1338 elementor-362\" data-elementor-post-type=\"page\">\n\t\t\t\t<div class=\"elementor-element elementor-element-4552db2 e-flex e-con-boxed e-con e-parent\" data-id=\"4552db2\" data-element_type=\"container\" data-e-type=\"container\" data-settings=\"{&quot;background_background&quot;:&quot;classic&quot;}\">\n\t\t\t\t\t<div class=\"e-con-inner\">\n\t\t\t\t<div class=\"elementor-element elementor-element-310f40b elementor-widget__width-inherit elementor-widget elementor-widget-heading\" data-id=\"310f40b\" data-element_type=\"widget\" data-e-type=\"widget\" data-widget_type=\"heading.default\">\n\t\t\t\t\t<h1 class=\"elementor-heading-title elementor-size-default\">Notre histoire<\/h1>\t\t\t\t<\/div>\n\t\t\t\t<div class=\"elementor-element elementor-element-b42703b elementor-widget elementor-widget-image\" data-id=\"b42703b\" data-element_type=\"widget\" data-e-type=\"widget\" data-widget_type=\"image.default\">\n\t\t\t\t\t\t\t\t\t\t\t\t\t\t\t<img fetchpriority=\"high\" decoding=\"async\" width=\"2240\" height=\"720\" src=\"https:\/\/www.labrador-transparency.com\/wp-content\/uploads\/2025\/05\/img-ourstory-fr.webp\" class=\"attachment-full size-full wp-image-6577\" alt=\"img ourstory fr\" srcset=\"https:\/\/www.labrador-transparency.com\/wp-content\/uploads\/2025\/05\/img-ourstory-fr.webp 2240w, https:\/\/www.labrador-transparency.com\/wp-content\/uploads\/2025\/05\/img-ourstory-fr-300x96.webp 300w, https:\/\/www.labrador-transparency.com\/wp-content\/uploads\/2025\/05\/img-ourstory-fr-1024x329.webp 1024w, https:\/\/www.labrador-transparency.com\/wp-content\/uploads\/2025\/05\/img-ourstory-fr-768x247.webp 768w, https:\/\/www.labrador-transparency.com\/wp-content\/uploads\/2025\/05\/img-ourstory-fr-1536x494.webp 1536w, https:\/\/www.labrador-transparency.com\/wp-content\/uploads\/2025\/05\/img-ourstory-fr-2048x658.webp 2048w\" sizes=\"(max-width: 2240px) 100vw, 2240px\" \/>\t\t\t\t\t\t\t\t\t\t\t\t\t\t\t<\/div>\n\t\t<div class=\"elementor-element elementor-element-327a35a e-con-full e-flex e-con e-child\" data-id=\"327a35a\" data-element_type=\"container\" data-e-type=\"container\">\n\t\t\t\t<div class=\"elementor-element elementor-element-0882187 elementor-widget elementor-widget-text-editor\" data-id=\"0882187\" data-element_type=\"widget\" data-e-type=\"widget\" data-widget_type=\"text-editor.default\">\n\t\t\t\t\t\t\t\t\t<p>L\u2019histoire de Labrador Transparency est celle d\u2019une entreprise n\u00e9e d\u2019une vision claire : <strong>rendre l\u2019information accessible, fiable et transparente pour instaurer la confiance entre les entreprises et leurs parties prenantes.<\/strong> Sous l\u2019impulsion de son fondateur, Laurent Rouyr\u00e8s, notre groupe s\u2019est rapidement impos\u00e9 comme un acteur incontournable de l&rsquo;information financi\u00e8re et extra-financi\u00e8re, d\u2019abord en France puis aux \u00c9tats-Unis.<\/p><p>En 30 ans, nous avons r\u00e9volutionn\u00e9 l\u2019information r\u00e9glement\u00e9e en la rendant plus didactique, illustr\u00e9e et claire. Nous avons d\u00e9fini la Transparence autour d\u2019une m\u00e9thode certifi\u00e9e, bas\u00e9e sur cinq piliers : Accessibilit\u00e9, Pr\u00e9cision, Comparabilit\u00e9, Disponibilit\u00e9 et Clart\u00e9. Ces standards, d\u00e9sormais repris en France et aux \u00c9tats-Unis, sont devenus des r\u00e9f\u00e9rences pour une information plus performante et plus accessible. En simplifiant la pr\u00e9sentation des risques, en illustrant les r\u00e9mun\u00e9rations et en clarifiant les liens entre la gouvernance et la strat\u00e9gie, nous avons chang\u00e9 la mani\u00e8re dont les march\u00e9s per\u00e7oivent l\u2019information r\u00e9glement\u00e9e.<\/p><p>Chaque jour, nous aidons les entreprises \u00e0 b\u00e2tir des relations solides avec leurs parties prenantes gr\u00e2ce \u00e0 trois expertises cl\u00e9s :<\/p>\t\t\t\t\t\t\t\t<\/div>\n\t\t\t\t<div class=\"elementor-element elementor-element-a6d9086 elementor-widget elementor-widget-image\" data-id=\"a6d9086\" data-element_type=\"widget\" data-e-type=\"widget\" data-widget_type=\"image.default\">\n\t\t\t\t\t\t\t\t\t\t\t\t\t\t\t<img decoding=\"async\" width=\"800\" height=\"450\" src=\"https:\/\/www.labrador-transparency.com\/wp-content\/uploads\/2025\/05\/transparency-by-design-fr-1024x576.png\" class=\"attachment-large size-large wp-image-1902\" alt=\"transparency by design fr\" srcset=\"https:\/\/www.labrador-transparency.com\/wp-content\/uploads\/2025\/05\/transparency-by-design-fr-1024x576.png 1024w, https:\/\/www.labrador-transparency.com\/wp-content\/uploads\/2025\/05\/transparency-by-design-fr-300x169.png 300w, https:\/\/www.labrador-transparency.com\/wp-content\/uploads\/2025\/05\/transparency-by-design-fr-768x432.png 768w, https:\/\/www.labrador-transparency.com\/wp-content\/uploads\/2025\/05\/transparency-by-design-fr-1536x864.png 1536w, https:\/\/www.labrador-transparency.com\/wp-content\/uploads\/2025\/05\/transparency-by-design-fr.png 1920w\" sizes=\"(max-width: 800px) 100vw, 800px\" \/>\t\t\t\t\t\t\t\t\t\t\t\t\t\t\t<\/div>\n\t\t\t\t<div class=\"elementor-element elementor-element-7b827c0 elementor-widget__width-inherit elementor-hidden-desktop elementor-hidden-tablet elementor-hidden-mobile elementor-icon-list--layout-traditional elementor-list-item-link-full_width elementor-widget elementor-widget-icon-list\" data-id=\"7b827c0\" data-element_type=\"widget\" data-e-type=\"widget\" data-widget_type=\"icon-list.default\">\n\t\t\t\t\t\t\t<ul class=\"elementor-icon-list-items\">\n\t\t\t\t\t\t\t<li class=\"elementor-icon-list-item\">\n\t\t\t\t\t\t\t\t\t\t\t<span class=\"elementor-icon-list-icon\">\n\t\t\t\t\t\t\t<svg aria-hidden=\"true\" class=\"e-font-icon-svg e-far-check-circle\" viewBox=\"0 0 512 512\" xmlns=\"http:\/\/www.w3.org\/2000\/svg\"><path d=\"M256 8C119.033 8 8 119.033 8 256s111.033 248 248 248 248-111.033 248-248S392.967 8 256 8zm0 48c110.532 0 200 89.451 200 200 0 110.532-89.451 200-200 200-110.532 0-200-89.451-200-200 0-110.532 89.451-200 200-200m140.204 130.267l-22.536-22.718c-4.667-4.705-12.265-4.736-16.97-.068L215.346 303.697l-59.792-60.277c-4.667-4.705-12.265-4.736-16.97-.069l-22.719 22.536c-4.705 4.667-4.736 12.265-.068 16.971l90.781 91.516c4.667 4.705 12.265 4.736 16.97.068l172.589-171.204c4.704-4.668 4.734-12.266.067-16.971z\"><\/path><\/svg>\t\t\t\t\t\t<\/span>\n\t\t\t\t\t\t\t\t\t\t<span class=\"elementor-icon-list-text\"><strong>Le conseil :<\/strong> communication financi\u00e8re, communication ESG, communication corporate, relations investisseurs, \u00e9thique et conformit\u00e9, recherche et d\u00e9veloppement pour am\u00e9liorer en continu l\u2019information d\u2019entreprise.<\/span>\n\t\t\t\t\t\t\t\t\t<\/li>\n\t\t\t\t\t\t\t\t<li class=\"elementor-icon-list-item\">\n\t\t\t\t\t\t\t\t\t\t\t<span class=\"elementor-icon-list-icon\">\n\t\t\t\t\t\t\t<svg aria-hidden=\"true\" class=\"e-font-icon-svg e-far-check-circle\" viewBox=\"0 0 512 512\" xmlns=\"http:\/\/www.w3.org\/2000\/svg\"><path d=\"M256 8C119.033 8 8 119.033 8 256s111.033 248 248 248 248-111.033 248-248S392.967 8 256 8zm0 48c110.532 0 200 89.451 200 200 0 110.532-89.451 200-200 200-110.532 0-200-89.451-200-200 0-110.532 89.451-200 200-200m140.204 130.267l-22.536-22.718c-4.667-4.705-12.265-4.736-16.97-.068L215.346 303.697l-59.792-60.277c-4.667-4.705-12.265-4.736-16.97-.069l-22.719 22.536c-4.705 4.667-4.736 12.265-.068 16.971l90.781 91.516c4.667 4.705 12.265 4.736 16.97.068l172.589-171.204c4.704-4.668 4.734-12.266.067-16.971z\"><\/path><\/svg>\t\t\t\t\t\t<\/span>\n\t\t\t\t\t\t\t\t\t\t<span class=\"elementor-icon-list-text\"><strong>Le design :<\/strong> cr\u00e9ation artistique, ergonomie de lecture, infographisme.<\/span>\n\t\t\t\t\t\t\t\t\t<\/li>\n\t\t\t\t\t\t\t\t<li class=\"elementor-icon-list-item\">\n\t\t\t\t\t\t\t\t\t\t\t<span class=\"elementor-icon-list-icon\">\n\t\t\t\t\t\t\t<svg aria-hidden=\"true\" class=\"e-font-icon-svg e-far-check-circle\" viewBox=\"0 0 512 512\" xmlns=\"http:\/\/www.w3.org\/2000\/svg\"><path d=\"M256 8C119.033 8 8 119.033 8 256s111.033 248 248 248 248-111.033 248-248S392.967 8 256 8zm0 48c110.532 0 200 89.451 200 200 0 110.532-89.451 200-200 200-110.532 0-200-89.451-200-200 0-110.532 89.451-200 200-200m140.204 130.267l-22.536-22.718c-4.667-4.705-12.265-4.736-16.97-.068L215.346 303.697l-59.792-60.277c-4.667-4.705-12.265-4.736-16.97-.069l-22.719 22.536c-4.705 4.667-4.736 12.265-.068 16.971l90.781 91.516c4.667 4.705 12.265 4.736 16.97.068l172.589-171.204c4.704-4.668 4.734-12.266.067-16.971z\"><\/path><\/svg>\t\t\t\t\t\t<\/span>\n\t\t\t\t\t\t\t\t\t\t<span class=\"elementor-icon-list-text\"><strong>La technologie :<\/strong> \u00e9dition collaborative, gestion de projet, algorithmes de langage clair et de traduction, outils d\u2019analyse et intelligence artificielle.<\/span>\n\t\t\t\t\t\t\t\t\t<\/li>\n\t\t\t\t\t\t<\/ul>\n\t\t\t\t\t\t<\/div>\n\t\t\t\t<div class=\"elementor-element elementor-element-f2a976b elementor-widget elementor-widget-text-editor\" data-id=\"f2a976b\" data-element_type=\"widget\" data-e-type=\"widget\" data-widget_type=\"text-editor.default\">\n\t\t\t\t\t\t\t\t\t<p>Pour continuer \u00e0 inventer la Transparence de demain, nous avons fait de l\u2019ind\u00e9pendance une priorit\u00e9. Nous avons mis en place un Comit\u00e9 des Sages de la Transparence et des comit\u00e9s scientifiques de lecteurs capables d\u2019analyser et de valider nos crit\u00e8res. Dans un contexte g\u00e9opolitique troubl\u00e9, notre engagement pour une information sinc\u00e8re et v\u00e9rifiable est plus crucial que jamais. En d\u00e9fendant des standards clairs et universels, nous pr\u00e9parons les g\u00e9n\u00e9rations futures \u00e0 un monde o\u00f9 la Transparence sera la cl\u00e9 de la confiance et de la performance.<\/p>\t\t\t\t\t\t\t\t<\/div>\n\t\t<div class=\"elementor-element elementor-element-d255ee8 e-con-full lab-why-partner e-flex e-con e-child\" data-id=\"d255ee8\" data-element_type=\"container\" data-e-type=\"container\">\n\t\t\t\t<div class=\"elementor-element elementor-element-70f4ed1 elementor-widget__width-initial elementor-widget elementor-widget-heading\" data-id=\"70f4ed1\" data-element_type=\"widget\" data-e-type=\"widget\" data-widget_type=\"heading.default\">\n\t\t\t\t\t<h2 class=\"elementor-heading-title elementor-size-default\">Chez Labrador Transparency, nous ne faisons pas que parler de Transparence : <br>nous la construisons.<\/h2>\t\t\t\t<\/div>\n\t\t\t\t<\/div>\n\t\t\t\t<\/div>\n\t\t\t\t\t<\/div>\n\t\t\t\t<\/div>\n\t\t<div class=\"elementor-element elementor-element-6991f4e footer-cta e-flex e-con-boxed e-con e-parent\" data-id=\"6991f4e\" data-element_type=\"container\" data-e-type=\"container\">\n\t\t\t\t\t<div class=\"e-con-inner\">\n\t\t\t\t<div class=\"elementor-element elementor-element-d558535 elementor-widget__width-initial elementor-widget elementor-widget-heading\" data-id=\"d558535\" data-element_type=\"widget\" data-e-type=\"widget\" data-widget_type=\"heading.default\">\n\t\t\t\t\t<h2 class=\"elementor-heading-title elementor-size-default\">Un sujet \u00e0 clarifier ? <br>Parlons Transparence.<\/h2>\t\t\t\t<\/div>\n\t\t\t\t<div class=\"elementor-element elementor-element-75a2759 elementor-widget__width-initial elementor-widget elementor-widget-heading\" data-id=\"75a2759\" data-element_type=\"widget\" data-e-type=\"widget\" data-widget_type=\"heading.default\">\n\t\t\t\t\t<p class=\"elementor-heading-title elementor-size-default\">Les informations complexes m\u00e9ritent d\u2019\u00eatre simples \u00e0 comprendre pour toutes vos parties prenantes.<\/p>\t\t\t\t<\/div>\n\t\t\t\t<div class=\"elementor-element elementor-element-00ddb54 btn-style btn elementor-widget elementor-widget-button\" data-id=\"00ddb54\" data-element_type=\"widget\" data-e-type=\"widget\" data-widget_type=\"button.default\">\n\t\t\t\t\t\t\t\t\t\t<a class=\"elementor-button elementor-button-link elementor-size-sm\" href=\"https:\/\/www.labrador-transparency.com\/fr\/contact\/\">\n\t\t\t\t\t\t<span class=\"elementor-button-content-wrapper\">\n\t\t\t\t\t\t<span class=\"elementor-button-icon\">\n\t\t\t\t<i aria-hidden=\"true\" class=\"far fa-arrow-right\"><\/i>\t\t\t<\/span>\n\t\t\t\t\t\t\t\t\t<span class=\"elementor-button-text\">Contactez-nous<\/span>\n\t\t\t\t\t<\/span>\n\t\t\t\t\t<\/a>\n\t\t\t\t\t\t\t\t<\/div>\n\t\t\t\t\t<\/div>\n\t\t\t\t<\/div>\n\t\t\t\t<\/div>\n\t\t","protected":false},"excerpt":{"rendered":"<p>Notre histoire L\u2019histoire de Labrador Transparency est celle d\u2019une entreprise n\u00e9e d\u2019une vision claire : rendre l\u2019information accessible, fiable et transparente pour instaurer la confiance entre les entreprises et leurs parties prenantes. Sous l\u2019impulsion de son fondateur, Laurent Rouyr\u00e8s, notre groupe s\u2019est rapidement impos\u00e9 comme un acteur incontournable de l&rsquo;information financi\u00e8re et extra-financi\u00e8re, d\u2019abord en [&hellip;]<\/p>\n","protected":false},"author":3,"featured_media":0,"parent":1300,"menu_order":0,"comment_status":"closed","ping_status":"closed","template":"","meta":{"_acf_changed":false,"content-type":"","inline_featured_image":false,"footnotes":""},"class_list":["post-1338","page","type-page","status-publish","hentry"],"acf":[],"yoast_head":"<!-- This site is optimized with the Yoast SEO plugin v27.1.1 - https:\/\/yoast.com\/product\/yoast-seo-wordpress\/ -->\n<title>L&#039;histoire de Labrador Transparency : 30 ans de Transparence<\/title>\n<meta name=\"description\" content=\"Depuis 30 ans, nous d\u00e9finissons les nouveaux standards de la Transparence pour faire de l\u2019information financi\u00e8re et extra-financi\u00e8re un outil de confiance.\" \/>\n<meta name=\"robots\" content=\"index, follow, max-snippet:-1, max-image-preview:large, max-video-preview:-1\" \/>\n<link rel=\"canonical\" href=\"https:\/\/www.labrador-transparency.com\/fr\/qui-sommes-nous\/notre-histoire\/\" \/>\n<meta property=\"og:locale\" content=\"fr_FR\" \/>\n<meta property=\"og:type\" content=\"article\" \/>\n<meta property=\"og:title\" content=\"Notre histoire\" \/>\n<meta property=\"og:description\" content=\"Depuis 30 ans, nous d\u00e9finissons les nouveaux standards de la Transparence pour faire de l\u2019information financi\u00e8re et extra-financi\u00e8re un outil de confiance.\" \/>\n<meta property=\"og:url\" content=\"https:\/\/www.labrador-transparency.com\/fr\/qui-sommes-nous\/notre-histoire\/\" \/>\n<meta property=\"og:site_name\" content=\"Labrador Transparency\" \/>\n<meta property=\"article:modified_time\" content=\"2025-09-24T12:00:04+00:00\" \/>\n<meta property=\"og:image\" content=\"https:\/\/www.labrador-transparency.com\/wp-content\/uploads\/2025\/05\/img-ourstory-fr.webp\" \/>\n<meta name=\"twitter:card\" content=\"summary_large_image\" \/>\n<meta name=\"twitter:title\" content=\"Notre histoire\" \/>\n<meta name=\"twitter:description\" content=\"Depuis 30 ans, nous d\u00e9finissons les nouveaux standards de la Transparence pour faire de l\u2019information financi\u00e8re et extra-financi\u00e8re un outil de confiance.\" \/>\n<meta name=\"twitter:label1\" content=\"Dur\u00e9e de lecture estim\u00e9e\" \/>\n\t<meta name=\"twitter:data1\" content=\"2 minutes\" \/>\n<script type=\"application\/ld+json\" class=\"yoast-schema-graph\">{\"@context\":\"https:\/\/schema.org\",\"@graph\":[{\"@type\":\"WebPage\",\"@id\":\"https:\/\/www.labrador-transparency.com\/fr\/qui-sommes-nous\/notre-histoire\/\",\"url\":\"https:\/\/www.labrador-transparency.com\/fr\/qui-sommes-nous\/notre-histoire\/\",\"name\":\"L'histoire de Labrador Transparency : 30 ans de Transparence\",\"isPartOf\":{\"@id\":\"https:\/\/www.labrador-transparency.com\/fr\/#website\"},\"primaryImageOfPage\":{\"@id\":\"https:\/\/www.labrador-transparency.com\/fr\/qui-sommes-nous\/notre-histoire\/#primaryimage\"},\"image\":{\"@id\":\"https:\/\/www.labrador-transparency.com\/fr\/qui-sommes-nous\/notre-histoire\/#primaryimage\"},\"thumbnailUrl\":\"https:\/\/www.labrador-transparency.com\/wp-content\/uploads\/2025\/05\/img-ourstory-fr.webp\",\"datePublished\":\"2025-04-21T20:46:07+00:00\",\"dateModified\":\"2025-09-24T12:00:04+00:00\",\"description\":\"Depuis 30 ans, nous d\u00e9finissons les nouveaux standards de la Transparence pour faire de l\u2019information financi\u00e8re et extra-financi\u00e8re un outil de confiance.\",\"breadcrumb\":{\"@id\":\"https:\/\/www.labrador-transparency.com\/fr\/qui-sommes-nous\/notre-histoire\/#breadcrumb\"},\"inLanguage\":\"fr-FR\",\"potentialAction\":[{\"@type\":\"ReadAction\",\"target\":[\"https:\/\/www.labrador-transparency.com\/fr\/qui-sommes-nous\/notre-histoire\/\"]}]},{\"@type\":\"ImageObject\",\"inLanguage\":\"fr-FR\",\"@id\":\"https:\/\/www.labrador-transparency.com\/fr\/qui-sommes-nous\/notre-histoire\/#primaryimage\",\"url\":\"https:\/\/www.labrador-transparency.com\/wp-content\/uploads\/2025\/05\/img-ourstory-fr.webp\",\"contentUrl\":\"https:\/\/www.labrador-transparency.com\/wp-content\/uploads\/2025\/05\/img-ourstory-fr.webp\"},{\"@type\":\"BreadcrumbList\",\"@id\":\"https:\/\/www.labrador-transparency.com\/fr\/qui-sommes-nous\/notre-histoire\/#breadcrumb\",\"itemListElement\":[{\"@type\":\"ListItem\",\"position\":1,\"name\":\"Home\",\"item\":\"https:\/\/www.labrador-transparency.com\/fr\/\"},{\"@type\":\"ListItem\",\"position\":2,\"name\":\"Qui sommes-nous ?\",\"item\":\"https:\/\/www.labrador-transparency.com\/fr\/qui-sommes-nous\/\"},{\"@type\":\"ListItem\",\"position\":3,\"name\":\"Notre histoire\"}]},{\"@type\":\"WebSite\",\"@id\":\"https:\/\/www.labrador-transparency.com\/fr\/#website\",\"url\":\"https:\/\/www.labrador-transparency.com\/fr\/\",\"name\":\"Labrador Transparency\",\"description\":\"\",\"publisher\":{\"@id\":\"https:\/\/www.labrador-transparency.com\/fr\/#organization\"},\"potentialAction\":[{\"@type\":\"SearchAction\",\"target\":{\"@type\":\"EntryPoint\",\"urlTemplate\":\"https:\/\/www.labrador-transparency.com\/fr\/?s={search_term_string}\"},\"query-input\":{\"@type\":\"PropertyValueSpecification\",\"valueRequired\":true,\"valueName\":\"search_term_string\"}}],\"inLanguage\":\"fr-FR\"},{\"@type\":\"Organization\",\"@id\":\"https:\/\/www.labrador-transparency.com\/fr\/#organization\",\"name\":\"Labrador\",\"url\":\"https:\/\/www.labrador-transparency.com\/fr\/\",\"logo\":{\"@type\":\"ImageObject\",\"inLanguage\":\"fr-FR\",\"@id\":\"https:\/\/www.labrador-transparency.com\/fr\/#\/schema\/logo\/image\/\",\"url\":\"https:\/\/www.labrador-transparency.com\/wp-content\/uploads\/2021\/11\/logo-r1.svg\",\"contentUrl\":\"https:\/\/www.labrador-transparency.com\/wp-content\/uploads\/2021\/11\/logo-r1.svg\",\"width\":304,\"height\":60,\"caption\":\"Labrador\"},\"image\":{\"@id\":\"https:\/\/www.labrador-transparency.com\/fr\/#\/schema\/logo\/image\/\"}}]}<\/script>\n<!-- \/ Yoast SEO plugin. -->","yoast_head_json":{"title":"L'histoire de Labrador Transparency : 30 ans de Transparence","description":"Depuis 30 ans, nous d\u00e9finissons les nouveaux standards de la Transparence pour faire de l\u2019information financi\u00e8re et extra-financi\u00e8re un outil de confiance.","robots":{"index":"index","follow":"follow","max-snippet":"max-snippet:-1","max-image-preview":"max-image-preview:large","max-video-preview":"max-video-preview:-1"},"canonical":"https:\/\/www.labrador-transparency.com\/fr\/qui-sommes-nous\/notre-histoire\/","og_locale":"fr_FR","og_type":"article","og_title":"Notre histoire","og_description":"Depuis 30 ans, nous d\u00e9finissons les nouveaux standards de la Transparence pour faire de l\u2019information financi\u00e8re et extra-financi\u00e8re un outil de confiance.","og_url":"https:\/\/www.labrador-transparency.com\/fr\/qui-sommes-nous\/notre-histoire\/","og_site_name":"Labrador Transparency","article_modified_time":"2025-09-24T12:00:04+00:00","og_image":[{"url":"https:\/\/www.labrador-transparency.com\/wp-content\/uploads\/2025\/05\/img-ourstory-fr.webp","type":"","width":"","height":""}],"twitter_card":"summary_large_image","twitter_title":"Notre histoire","twitter_description":"Depuis 30 ans, nous d\u00e9finissons les nouveaux standards de la Transparence pour faire de l\u2019information financi\u00e8re et extra-financi\u00e8re un outil de confiance.","twitter_misc":{"Dur\u00e9e de lecture estim\u00e9e":"2 minutes"},"schema":{"@context":"https:\/\/schema.org","@graph":[{"@type":"WebPage","@id":"https:\/\/www.labrador-transparency.com\/fr\/qui-sommes-nous\/notre-histoire\/","url":"https:\/\/www.labrador-transparency.com\/fr\/qui-sommes-nous\/notre-histoire\/","name":"L'histoire de Labrador Transparency : 30 ans de Transparence","isPartOf":{"@id":"https:\/\/www.labrador-transparency.com\/fr\/#website"},"primaryImageOfPage":{"@id":"https:\/\/www.labrador-transparency.com\/fr\/qui-sommes-nous\/notre-histoire\/#primaryimage"},"image":{"@id":"https:\/\/www.labrador-transparency.com\/fr\/qui-sommes-nous\/notre-histoire\/#primaryimage"},"thumbnailUrl":"https:\/\/www.labrador-transparency.com\/wp-content\/uploads\/2025\/05\/img-ourstory-fr.webp","datePublished":"2025-04-21T20:46:07+00:00","dateModified":"2025-09-24T12:00:04+00:00","description":"Depuis 30 ans, nous d\u00e9finissons les nouveaux standards de la Transparence pour faire de l\u2019information financi\u00e8re et extra-financi\u00e8re un outil de confiance.","breadcrumb":{"@id":"https:\/\/www.labrador-transparency.com\/fr\/qui-sommes-nous\/notre-histoire\/#breadcrumb"},"inLanguage":"fr-FR","potentialAction":[{"@type":"ReadAction","target":["https:\/\/www.labrador-transparency.com\/fr\/qui-sommes-nous\/notre-histoire\/"]}]},{"@type":"ImageObject","inLanguage":"fr-FR","@id":"https:\/\/www.labrador-transparency.com\/fr\/qui-sommes-nous\/notre-histoire\/#primaryimage","url":"https:\/\/www.labrador-transparency.com\/wp-content\/uploads\/2025\/05\/img-ourstory-fr.webp","contentUrl":"https:\/\/www.labrador-transparency.com\/wp-content\/uploads\/2025\/05\/img-ourstory-fr.webp"},{"@type":"BreadcrumbList","@id":"https:\/\/www.labrador-transparency.com\/fr\/qui-sommes-nous\/notre-histoire\/#breadcrumb","itemListElement":[{"@type":"ListItem","position":1,"name":"Home","item":"https:\/\/www.labrador-transparency.com\/fr\/"},{"@type":"ListItem","position":2,"name":"Qui sommes-nous ?","item":"https:\/\/www.labrador-transparency.com\/fr\/qui-sommes-nous\/"},{"@type":"ListItem","position":3,"name":"Notre histoire"}]},{"@type":"WebSite","@id":"https:\/\/www.labrador-transparency.com\/fr\/#website","url":"https:\/\/www.labrador-transparency.com\/fr\/","name":"Labrador Transparency","description":"","publisher":{"@id":"https:\/\/www.labrador-transparency.com\/fr\/#organization"},"potentialAction":[{"@type":"SearchAction","target":{"@type":"EntryPoint","urlTemplate":"https:\/\/www.labrador-transparency.com\/fr\/?s={search_term_string}"},"query-input":{"@type":"PropertyValueSpecification","valueRequired":true,"valueName":"search_term_string"}}],"inLanguage":"fr-FR"},{"@type":"Organization","@id":"https:\/\/www.labrador-transparency.com\/fr\/#organization","name":"Labrador","url":"https:\/\/www.labrador-transparency.com\/fr\/","logo":{"@type":"ImageObject","inLanguage":"fr-FR","@id":"https:\/\/www.labrador-transparency.com\/fr\/#\/schema\/logo\/image\/","url":"https:\/\/www.labrador-transparency.com\/wp-content\/uploads\/2021\/11\/logo-r1.svg","contentUrl":"https:\/\/www.labrador-transparency.com\/wp-content\/uploads\/2021\/11\/logo-r1.svg","width":304,"height":60,"caption":"Labrador"},"image":{"@id":"https:\/\/www.labrador-transparency.com\/fr\/#\/schema\/logo\/image\/"}}]}},"publishpress_future_action":{"enabled":false,"date":"2026-04-15 03:46:08","action":"change-status","newStatus":"draft","terms":[],"taxonomy":"translation_priority","extraData":[]},"publishpress_future_workflow_manual_trigger":{"enabledWorkflows":[]},"_links":{"self":[{"href":"https:\/\/www.labrador-transparency.com\/fr\/wp-json\/wp\/v2\/pages\/1338","targetHints":{"allow":["GET"]}}],"collection":[{"href":"https:\/\/www.labrador-transparency.com\/fr\/wp-json\/wp\/v2\/pages"}],"about":[{"href":"https:\/\/www.labrador-transparency.com\/fr\/wp-json\/wp\/v2\/types\/page"}],"author":[{"embeddable":true,"href":"https:\/\/www.labrador-transparency.com\/fr\/wp-json\/wp\/v2\/users\/3"}],"replies":[{"embeddable":true,"href":"https:\/\/www.labrador-transparency.com\/fr\/wp-json\/wp\/v2\/comments?post=1338"}],"version-history":[{"count":0,"href":"https:\/\/www.labrador-transparency.com\/fr\/wp-json\/wp\/v2\/pages\/1338\/revisions"}],"up":[{"embeddable":true,"href":"https:\/\/www.labrador-transparency.com\/fr\/wp-json\/wp\/v2\/pages\/1300"}],"wp:attachment":[{"href":"https:\/\/www.labrador-transparency.com\/fr\/wp-json\/wp\/v2\/media?parent=1338"}],"curies":[{"name":"wp","href":"https:\/\/api.w.org\/{rel}","templated":true}]}}